{"id":509,"date":"2018-03-31T12:16:51","date_gmt":"2018-03-31T11:16:51","guid":{"rendered":"http:\/\/sascha-schuermann.com\/?page_id=509"},"modified":"2020-01-31T20:19:10","modified_gmt":"2020-01-31T19:19:10","slug":"usa-san-francisco-und-co-2018","status":"publish","type":"page","link":"https:\/\/sascha-schuermann.com\/?page_id=509","title":{"rendered":"USA  ( San Francisco und Co ) 2018"},"content":{"rendered":"\n<figure class=\"wp-block-image\"><img loading=\"lazy\" decoding=\"async\" width=\"1024\" height=\"768\" src=\"http:\/\/sascha-schuermann.com\/wp-content\/uploads\/2019\/04\/GOPR0925-1024x768.jpg\" alt=\"\" class=\"wp-image-558\" srcset=\"https:\/\/sascha-schuermann.com\/wp-content\/uploads\/2019\/04\/GOPR0925-1024x768.jpg 1024w, https:\/\/sascha-schuermann.com\/wp-content\/uploads\/2019\/04\/GOPR0925-300x225.jpg 300w, https:\/\/sascha-schuermann.com\/wp-content\/uploads\/2019\/04\/GOPR0925-768x576.jpg 768w\" sizes=\"auto, (max-width: 1024px) 100vw, 1024px\" \/><\/figure>\n\n\n\n<p class=\"has-text-align-center\">Heute ist der 3.9.2018 wir sind um 16 Uhr am Flughafen Hamburg angekommen. Die Anreise und die Nacht vorher war bis jetzt gelinde gesagt Scheisse. Wir reisen dieses Jahr zu 4. Mein bester Kumpel seine Freundin und wir zwei. 3 km vor dem Hotel hat sich ein dickes Metallteil in den hinteren Reifen gebohrt. Dann haben wir die besten \u00dcberraschungen als SMS bekommen. Dort stand das die reservierten Pl\u00e4tze gestrichen wurden weil sie ein kleineres Flugzeug genommen haben. Morgens um 4 waren wir dann am Flughafen, Check in usw lief alles glatt aber dann. Von Hamburg nach London war es ein alter Air Berlin-Flieger, wo ich die Knie unter den Ohren h\u00e4tte. Nach dem Umstieg ging das Theater um die Sitze los. Nachdem wir uns dann 5 mal umsetzen mussten, war der Rest des Fluges so das Danni alleine ein Econemy + Sitz hatte und ich hinten in der Holzklasse alleine sa\u00df. Das nenn ich mal nen erfolgreichen Start. In San Francisco gibt es alles, was Sie brauchen. Nun heisst es nur noch ab ins Bett und morgen gehts weiter &#8230;&#8230;<\/p>\n\n\n\n<p class=\"has-text-align-center\">Heute am 4.9. sind wir um 7:30 aufgestanden und dann den Mietwagen abholen .Es hat zwar alles etwas gedauert, aber dann haben wir den passenden Ami SUV bekommen, f\u00e4hrt sich nach 15 min Eingew\u00f6hnung auch sehr gut. Es ist anders als in Deutschland aber deutlich entspannter. Gegen Mittags waren wir dann in San Francisco und haben uns mit Marcel und Geeske getroffen. Wir haben zu Fu\u00df die Stadt unsicher gemacht. Die Dimension hier sind im Vergleich zu Deutschland sind deutlich gr\u00f6sser.<\/p>\n\n\n\n<div class=\"wp-block-image\"><figure class=\"aligncenter\"><img loading=\"lazy\" decoding=\"async\" width=\"768\" height=\"1024\" src=\"http:\/\/sascha-schuermann.com\/wp-content\/uploads\/2019\/04\/57511529_436262717148438_2380734375428882432_n-768x1024.jpg\" alt=\"\" class=\"wp-image-562\" srcset=\"https:\/\/sascha-schuermann.com\/wp-content\/uploads\/2019\/04\/57511529_436262717148438_2380734375428882432_n.jpg 768w, https:\/\/sascha-schuermann.com\/wp-content\/uploads\/2019\/04\/57511529_436262717148438_2380734375428882432_n-225x300.jpg 225w\" sizes=\"auto, (max-width: 768px) 100vw, 768px\" \/><\/figure><\/div>\n\n\n\n<p class=\"has-text-align-center\">So heute klingelte der Wecker um 7 Uhr, da wir um 11 Uhr bei der F\u00e4hre sein m\u00fcssen, um nach Alcatraz fahren zu k\u00f6nnen. Die \u00dcberfahrt hat ca 15 min gedauert. Vor Ort gab es kurze Infos wo und was man darf. Danach ging es in das Hauptgeb\u00e4ude. Die Audiotour war sogar auf Deutsch und nicht nur langweilige Fakten. Zusammen mit der Kulisse war das schon sehr cool. Man konnte sich soviel Zeit nehmen wie man wollte und wurde nicht nur durchgeschleust. Die 38 $ waren jeden Cent wert. Am n\u00e4chsten Nachmittag waren wir noch am Pier 39 mit seinen ganzen kleinen L\u00e4den. Dann kam auf die Idee wir k\u00f6nnen ja zur Lombard Street rauf laufen &#8230;..  Beintraining ist ein scheiss dagegen bei Teilweise mehr als 60 Grad Steigung und Fotoausr\u00fcstung auf dem R\u00fccken.<\/p>\n\n\n\n<figure class=\"wp-block-gallery columns-3 is-cropped wp-block-gallery-1 is-layout-flex wp-block-gallery-is-layout-flex\"><ul class=\"blocks-gallery-grid\"><li class=\"blocks-gallery-item\"><figure><img loading=\"lazy\" decoding=\"async\" width=\"768\" height=\"1024\" src=\"http:\/\/sascha-schuermann.com\/wp-content\/uploads\/2019\/04\/58382596_2309418029348043_3955794935520690176_n-768x1024.jpg\" alt=\"\" data-id=\"563\" class=\"wp-image-563\" srcset=\"https:\/\/sascha-schuermann.com\/wp-content\/uploads\/2019\/04\/58382596_2309418029348043_3955794935520690176_n.jpg 768w, https:\/\/sascha-schuermann.com\/wp-content\/uploads\/2019\/04\/58382596_2309418029348043_3955794935520690176_n-225x300.jpg 225w\" sizes=\"auto, (max-width: 768px) 100vw, 768px\" \/><\/figure><\/li><li class=\"blocks-gallery-item\"><figure><img loading=\"lazy\" decoding=\"async\" width=\"1024\" height=\"768\" src=\"http:\/\/sascha-schuermann.com\/wp-content\/uploads\/2019\/04\/58381421_399125807592238_3962744364404310016_n-1024x768.jpg\" alt=\"\" data-id=\"564\" data-link=\"http:\/\/sascha-schuermann.com\/?attachment_id=564\" class=\"wp-image-564\" srcset=\"https:\/\/sascha-schuermann.com\/wp-content\/uploads\/2019\/04\/58381421_399125807592238_3962744364404310016_n.jpg 1024w, https:\/\/sascha-schuermann.com\/wp-content\/uploads\/2019\/04\/58381421_399125807592238_3962744364404310016_n-300x225.jpg 300w, https:\/\/sascha-schuermann.com\/wp-content\/uploads\/2019\/04\/58381421_399125807592238_3962744364404310016_n-768x576.jpg 768w\" sizes=\"auto, (max-width: 1024px) 100vw, 1024px\" \/><\/figure><\/li><li class=\"blocks-gallery-item\"><figure><img loading=\"lazy\" decoding=\"async\" width=\"768\" height=\"1024\" src=\"http:\/\/sascha-schuermann.com\/wp-content\/uploads\/2019\/04\/57882615_587611698398761_8041276326939721728_n-768x1024.jpg\" alt=\"\" data-id=\"575\" data-link=\"http:\/\/sascha-schuermann.com\/?attachment_id=575\" class=\"wp-image-575\" srcset=\"https:\/\/sascha-schuermann.com\/wp-content\/uploads\/2019\/04\/57882615_587611698398761_8041276326939721728_n.jpg 768w, https:\/\/sascha-schuermann.com\/wp-content\/uploads\/2019\/04\/57882615_587611698398761_8041276326939721728_n-225x300.jpg 225w\" sizes=\"auto, (max-width: 768px) 100vw, 768px\" \/><\/figure><\/li><\/ul><\/figure>\n\n\n\n<p class=\"has-text-align-center\">Heute am 6.9. haben wir den morgen ruhiger angehen gelassen. In Ruhe Fr\u00fchst\u00fccken, dann noch ein paar Erledigungen und  gegen Mittags haben wir Geeske eingesammelt und sind zur Golden Gate Bridge gefahren. Ich konnte mir endlich genug Zeit nehmen f\u00fcr ein paar Langzeitaufnahmen von der Br\u00fccke. Wir haben ein paar sch\u00f6ne Pl\u00e4tze gefunden. Von da aus sind wir weiter in die Muir Woods gefahren, wo auch ein Teil des Films Planet der Affen gedreht wurde. Auf dem R\u00fcckweg waren wir noch in Mill Valley ein kleiner Ort. Zum Abschluss des Tages waren wir dann noch am Baker Beach. Ist zwar alles gut gegangen, aber das Salzwasser und der Sand haben dem Stativ nicht gut getan. Naja egal was macht man nicht alles f\u00fcr gute Bilder. Morgen will ich noch einmal hinunter den Sonnenuntergang ins mit ins Bild zu kriegen.<\/p>\n\n\n\n<figure class=\"wp-block-gallery columns-2 is-cropped wp-block-gallery-2 is-layout-flex wp-block-gallery-is-layout-flex\"><ul class=\"blocks-gallery-grid\"><li class=\"blocks-gallery-item\"><figure><img loading=\"lazy\" decoding=\"async\" width=\"1024\" height=\"576\" src=\"http:\/\/sascha-schuermann.com\/wp-content\/uploads\/2019\/04\/5R6A5824-1024x576.jpg\" alt=\"\" data-id=\"583\" data-link=\"http:\/\/sascha-schuermann.com\/?attachment_id=583\" class=\"wp-image-583\" srcset=\"https:\/\/sascha-schuermann.com\/wp-content\/uploads\/2019\/04\/5R6A5824-1024x576.jpg 1024w, https:\/\/sascha-schuermann.com\/wp-content\/uploads\/2019\/04\/5R6A5824-300x169.jpg 300w, https:\/\/sascha-schuermann.com\/wp-content\/uploads\/2019\/04\/5R6A5824-768x432.jpg 768w\" sizes=\"auto, (max-width: 1024px) 100vw, 1024px\" \/><\/figure><\/li><li class=\"blocks-gallery-item\"><figure><img loading=\"lazy\" decoding=\"async\" width=\"1024\" height=\"768\" src=\"http:\/\/sascha-schuermann.com\/wp-content\/uploads\/2019\/04\/57486441_360182517954287_6743493430933979136_n-1-1024x768.jpg\" alt=\"\" data-id=\"584\" data-link=\"http:\/\/sascha-schuermann.com\/?attachment_id=584\" class=\"wp-image-584\" srcset=\"https:\/\/sascha-schuermann.com\/wp-content\/uploads\/2019\/04\/57486441_360182517954287_6743493430933979136_n-1.jpg 1024w, https:\/\/sascha-schuermann.com\/wp-content\/uploads\/2019\/04\/57486441_360182517954287_6743493430933979136_n-1-300x225.jpg 300w, https:\/\/sascha-schuermann.com\/wp-content\/uploads\/2019\/04\/57486441_360182517954287_6743493430933979136_n-1-768x576.jpg 768w\" sizes=\"auto, (max-width: 1024px) 100vw, 1024px\" \/><\/figure><\/li><\/ul><\/figure>\n\n\n\n<p class=\"has-text-align-center\">Es ist der 7.9. und wir sind als erstes heute zu den Twin Peaks gefahren. Das ist ein Berg im S\u00fcden von San Francisco mit einer absoluten Aussicht \u00fcber die ganze Stadt. Von dort aus wollte Danni unbedingt zu den Painted Ladies. Im dortigen Park lag dann ein alter fast nackter Typ. Die Cops waren fix da und es gab m\u00e4chtig anschiss f\u00fcr ihn. Hier laufen Leute rum, die echt einen Schatten haben. Danach sind wir in die Innenstadt zur Cheesecake Factory gefahren, wo es lecker Mittagstisch mit Aussicht auf die Wolkenkratzer.<\/p>\n\n\n\n<div class=\"wp-block-image\"><figure class=\"aligncenter\"><img loading=\"lazy\" decoding=\"async\" width=\"1024\" height=\"768\" src=\"http:\/\/sascha-schuermann.com\/wp-content\/uploads\/2019\/04\/58374349_823276541363199_1076860610207023104_n-1024x768.jpg\" alt=\"\" class=\"wp-image-566\" srcset=\"https:\/\/sascha-schuermann.com\/wp-content\/uploads\/2019\/04\/58374349_823276541363199_1076860610207023104_n.jpg 1024w, https:\/\/sascha-schuermann.com\/wp-content\/uploads\/2019\/04\/58374349_823276541363199_1076860610207023104_n-300x225.jpg 300w, https:\/\/sascha-schuermann.com\/wp-content\/uploads\/2019\/04\/58374349_823276541363199_1076860610207023104_n-768x576.jpg 768w\" sizes=\"auto, (max-width: 1024px) 100vw, 1024px\" \/><\/figure><\/div>\n\n\n\n<p class=\"has-text-align-center\">So heute am 8.9. ist erstmal der letzte Tag bevor wir weiter nach Los Angeles fahren. Wir sind zum \/ auf den Mount Diabolo gefahren. Es ist ein langer und kruviger Aufstieg, aber es lohnt sich, die Aussicht auf 1000 ft, 2000 ft und 3850 ft ist der Hammer. Dazu haben wir heute noch 29 Grad und blauer Himmel. Den restlichen Tag haben wir locker ausklingen lassen und Koffer gepackt, da es morgen weiter nach Los Angeles geht.<\/p>\n\n\n\n<div class=\"wp-block-image\"><figure class=\"aligncenter\"><img loading=\"lazy\" decoding=\"async\" width=\"560\" height=\"1024\" src=\"http:\/\/sascha-schuermann.com\/wp-content\/uploads\/2019\/04\/57644733_2272110216395512_3515098627724804096_n-560x1024.jpg\" alt=\"\" class=\"wp-image-567\" srcset=\"https:\/\/sascha-schuermann.com\/wp-content\/uploads\/2019\/04\/57644733_2272110216395512_3515098627724804096_n.jpg 560w, https:\/\/sascha-schuermann.com\/wp-content\/uploads\/2019\/04\/57644733_2272110216395512_3515098627724804096_n-164x300.jpg 164w\" sizes=\"auto, (max-width: 560px) 100vw, 560px\" \/><\/figure><\/div>\n\n\n\n<p class=\"has-text-align-center\">Abfahrt am Bahnhof in Fremont am 9.9. um 10:30 Uhr wo wir Marcel und Geeske eingesammelt haben. Von da aus geht es auf den Highway 101 der ganz bis nach LA geht. Mit zwei kurzen Zwischenstopps sind wir am Hotel angekommen nach gut 7 Stunden fahrt. Dann nur noch aufs Zimmer und das ist dann auch echt f\u00fcr heute.<\/p>\n\n\n\n<p class=\"has-text-align-center\">Der erste richtige Tag in LA als erster geht es nach Hollywood auf den Walk of Fame. Auf dem Weg vom Parkplatz sind wir durch ein Filmset gelatscht. Der WoF ist bei weitem nicht so sauber und glamour\u00f6s wie es immer im aussieht. Es war ok aber st\u00e4ndig wir man wegen Kohle oder Bustouren angequatscht. Von dort aus sind wir nach Beverly Hills gefahren. Ein Gucci Laden usw. nach dem anderen, da brauch man wirklich das n\u00f6tige Kleingeld um dort einkaufen zu gehen. Weiter ging es zum Griffith Observatorium um sich die Location anzugucken, da ich dort zum Sonnenuntergang und LA Bei Nacht fotografieren wollte. Dann wieder ab zum Hotel.<\/p>\n\n\n\n<figure class=\"wp-block-gallery aligncenter columns-3 is-cropped wp-block-gallery-3 is-layout-flex wp-block-gallery-is-layout-flex\"><ul class=\"blocks-gallery-grid\"><li class=\"blocks-gallery-item\"><figure><img loading=\"lazy\" decoding=\"async\" width=\"768\" height=\"1024\" src=\"http:\/\/sascha-schuermann.com\/wp-content\/uploads\/2019\/04\/57533091_403044596940901_6847927072564707328_n-768x1024.jpg\" alt=\"\" data-id=\"587\" data-link=\"http:\/\/sascha-schuermann.com\/?attachment_id=587\" class=\"wp-image-587\" srcset=\"https:\/\/sascha-schuermann.com\/wp-content\/uploads\/2019\/04\/57533091_403044596940901_6847927072564707328_n.jpg 768w, https:\/\/sascha-schuermann.com\/wp-content\/uploads\/2019\/04\/57533091_403044596940901_6847927072564707328_n-225x300.jpg 225w\" sizes=\"auto, (max-width: 768px) 100vw, 768px\" \/><\/figure><\/li><li class=\"blocks-gallery-item\"><figure><img loading=\"lazy\" decoding=\"async\" width=\"1024\" height=\"791\" src=\"http:\/\/sascha-schuermann.com\/wp-content\/uploads\/2019\/04\/58443637_408634553048386_8569617932106072064_n-1024x791.jpg\" alt=\"\" data-id=\"588\" data-link=\"http:\/\/sascha-schuermann.com\/?attachment_id=588\" class=\"wp-image-588\" srcset=\"https:\/\/sascha-schuermann.com\/wp-content\/uploads\/2019\/04\/58443637_408634553048386_8569617932106072064_n.jpg 1024w, https:\/\/sascha-schuermann.com\/wp-content\/uploads\/2019\/04\/58443637_408634553048386_8569617932106072064_n-300x232.jpg 300w, https:\/\/sascha-schuermann.com\/wp-content\/uploads\/2019\/04\/58443637_408634553048386_8569617932106072064_n-768x593.jpg 768w\" sizes=\"auto, (max-width: 1024px) 100vw, 1024px\" \/><\/figure><\/li><li class=\"blocks-gallery-item\"><figure><img loading=\"lazy\" decoding=\"async\" width=\"1024\" height=\"768\" src=\"http:\/\/sascha-schuermann.com\/wp-content\/uploads\/2019\/04\/GOPR0905-1-1024x768.jpg\" alt=\"\" data-id=\"589\" data-link=\"http:\/\/sascha-schuermann.com\/?attachment_id=589\" class=\"wp-image-589\" srcset=\"https:\/\/sascha-schuermann.com\/wp-content\/uploads\/2019\/04\/GOPR0905-1-1024x768.jpg 1024w, https:\/\/sascha-schuermann.com\/wp-content\/uploads\/2019\/04\/GOPR0905-1-300x225.jpg 300w, https:\/\/sascha-schuermann.com\/wp-content\/uploads\/2019\/04\/GOPR0905-1-768x576.jpg 768w\" sizes=\"auto, (max-width: 1024px) 100vw, 1024px\" \/><\/figure><\/li><li class=\"blocks-gallery-item\"><figure><img loading=\"lazy\" decoding=\"async\" width=\"768\" height=\"1024\" src=\"http:\/\/sascha-schuermann.com\/wp-content\/uploads\/2019\/04\/58378282_708178306246950_1470179150940602368_n-768x1024.jpg\" alt=\"\" data-id=\"593\" data-link=\"http:\/\/sascha-schuermann.com\/?attachment_id=593\" class=\"wp-image-593\" srcset=\"https:\/\/sascha-schuermann.com\/wp-content\/uploads\/2019\/04\/58378282_708178306246950_1470179150940602368_n-768x1024.jpg 768w, https:\/\/sascha-schuermann.com\/wp-content\/uploads\/2019\/04\/58378282_708178306246950_1470179150940602368_n-225x300.jpg 225w, https:\/\/sascha-schuermann.com\/wp-content\/uploads\/2019\/04\/58378282_708178306246950_1470179150940602368_n.jpg 1200w\" sizes=\"auto, (max-width: 768px) 100vw, 768px\" \/><\/figure><\/li><\/ul><\/figure>\n\n\n\n<p class=\"has-text-align-center\">Heute am 11.9. geht es um 10 Uhr zur Universal Studio Tour. Es ist wirklich ein riesiges Gel\u00e4nde, wie eine kleine Stadt. Wir sind mit einem grossen Golfcarts \u00fcber das Gel\u00e4nde gefahren worden und w\u00e4hrend dessen wurde uns einiges erkl\u00e4rt. Es wurde ein paar Stopps gemacht und wir konnten uns einiges angucken. Direkt im Set von Lucifer (Amazon Prime) waren wir aber durften keine Bilder machen. Es ist schon sehr ern\u00fcchternd wenn man sieht wie das alles so entsteht. Viel Fake und viel Computertechnik. Die Tour war insgesamt gut aber auch ein wenig durchgeschleust. Am Nachmittag sind wir noch zum Venice Beach \/ Pier gefahren. Der Ausblick war sch\u00f6n nur die Parkplatzsuche hat sich etwas schwierig gestaltet. Es war gut, hat einen aber nicht vom Hocker gehauen.<\/p>\n\n\n\n<figure class=\"wp-block-gallery columns-3 is-cropped wp-block-gallery-4 is-layout-flex wp-block-gallery-is-layout-flex\"><ul class=\"blocks-gallery-grid\"><li class=\"blocks-gallery-item\"><figure><img loading=\"lazy\" decoding=\"async\" width=\"1024\" height=\"768\" src=\"http:\/\/sascha-schuermann.com\/wp-content\/uploads\/2019\/04\/58599148_1143376489204099_5556011419712880640_n-1024x768.jpg\" alt=\"\" data-id=\"568\" data-link=\"http:\/\/sascha-schuermann.com\/?attachment_id=568\" class=\"wp-image-568\" srcset=\"https:\/\/sascha-schuermann.com\/wp-content\/uploads\/2019\/04\/58599148_1143376489204099_5556011419712880640_n.jpg 1024w, https:\/\/sascha-schuermann.com\/wp-content\/uploads\/2019\/04\/58599148_1143376489204099_5556011419712880640_n-300x225.jpg 300w, https:\/\/sascha-schuermann.com\/wp-content\/uploads\/2019\/04\/58599148_1143376489204099_5556011419712880640_n-768x576.jpg 768w\" sizes=\"auto, (max-width: 1024px) 100vw, 1024px\" \/><\/figure><\/li><li class=\"blocks-gallery-item\"><figure><img loading=\"lazy\" decoding=\"async\" width=\"497\" height=\"1024\" src=\"http:\/\/sascha-schuermann.com\/wp-content\/uploads\/2019\/04\/58382662_401950453690551_8276353416196784128_n-497x1024.jpg\" alt=\"\" data-id=\"569\" data-link=\"http:\/\/sascha-schuermann.com\/?attachment_id=569\" class=\"wp-image-569\" srcset=\"https:\/\/sascha-schuermann.com\/wp-content\/uploads\/2019\/04\/58382662_401950453690551_8276353416196784128_n.jpg 497w, https:\/\/sascha-schuermann.com\/wp-content\/uploads\/2019\/04\/58382662_401950453690551_8276353416196784128_n-146x300.jpg 146w\" sizes=\"auto, (max-width: 497px) 100vw, 497px\" \/><\/figure><\/li><li class=\"blocks-gallery-item\"><figure><img loading=\"lazy\" decoding=\"async\" width=\"497\" height=\"1024\" src=\"http:\/\/sascha-schuermann.com\/wp-content\/uploads\/2019\/04\/57511483_280402769515345_7609490847922388992_n-497x1024.jpg\" alt=\"\" data-id=\"570\" data-link=\"http:\/\/sascha-schuermann.com\/?attachment_id=570\" class=\"wp-image-570\" srcset=\"https:\/\/sascha-schuermann.com\/wp-content\/uploads\/2019\/04\/57511483_280402769515345_7609490847922388992_n.jpg 497w, https:\/\/sascha-schuermann.com\/wp-content\/uploads\/2019\/04\/57511483_280402769515345_7609490847922388992_n-146x300.jpg 146w\" sizes=\"auto, (max-width: 497px) 100vw, 497px\" \/><\/figure><\/li><\/ul><\/figure>\n\n\n\n<p class=\"has-text-align-center\">Also heute am 12.9.&nbsp;trennen sich unsere Wege.&nbsp;Marcel und Geeske bleiben in LA weil sie eher Abreisen.&nbsp;Danni und ich fahre weiter nach Las Vegas.&nbsp;Es war eine 4,5 Stunden Fahrt die aber sehr entspannt liefen.&nbsp;Hier angekommen ist der Eindruck echt erschlagend.&nbsp;Wir haben uns eine Suite mit Blick auf den Strip geg\u00f6nnt und hat sich auch echt gelohnt.&nbsp;Am n\u00e4chsten Tag sind wir den Strip zu Fu\u00df rauf und runter bei 38 Grad.&nbsp;2 Tage reichen hier auch bin gespannt wie es am Grand Canyon wird.<\/p>\n\n\n\n<p class=\"has-text-align-center\">Heute morgen am 14.9. haben wir ganz entspannt ausgecheckt. Und sind zum Grand Canyon gefahren. Um genauer zu sein zu unserm Hotel in Williams. Nach dem Einchecken sind wir direkt weiter zum Canyon. Kurz bevor wir dort angekommen sind, ist ein kleiner Heliport. Danni wollte schon immer einen Flug mit so einer H\u00f6llenmaschine machen. Ok, der letzte Flug des Tages ist gebucht und dann geht es auch schon los &#8230;.. Oh Gott worauf hab ich mich wieder eingelassen, als das Ding abgehoben hat war es schon flau im Magen. Nach ein paar Minuten ging es wieder und ich hab mich auf Bilder machen konzentriert. Der Pilot hat einen guten Job gemacht. Nach der Landung geht es weiter um das Ticket f\u00fcr den Zugang zum Canyon zu kaufen und ein paar Bilder in der Abendd\u00e4mmerung zu machen.<\/p>\n\n\n\n<div class=\"wp-block-image\"><figure class=\"aligncenter\"><img loading=\"lazy\" decoding=\"async\" width=\"1024\" height=\"768\" src=\"http:\/\/sascha-schuermann.com\/wp-content\/uploads\/2019\/04\/57485858_368075063801820_3054258506698850304_n-1024x768.jpg\" alt=\"\" class=\"wp-image-571\" srcset=\"https:\/\/sascha-schuermann.com\/wp-content\/uploads\/2019\/04\/57485858_368075063801820_3054258506698850304_n.jpg 1024w, https:\/\/sascha-schuermann.com\/wp-content\/uploads\/2019\/04\/57485858_368075063801820_3054258506698850304_n-300x225.jpg 300w, https:\/\/sascha-schuermann.com\/wp-content\/uploads\/2019\/04\/57485858_368075063801820_3054258506698850304_n-768x576.jpg 768w\" sizes=\"auto, (max-width: 1024px) 100vw, 1024px\" \/><\/figure><\/div>\n\n\n\n<p class=\"has-text-align-center\">Am 15.9. geht der Wecker um 4 Uhr damit wir zum Sonnenaufgang vor Ort sind. Das hat zeitlich auch gut geklappt, aber es ist uns ein grosser Elch vors Auto gelaufen. Ich konnte den Zusammensto\u00df noch gerade verhindern. Als ich die Bilder im Kasten hatte, war noch etwas Zeit. Deshalb sind wir zu einem nahegelegenen Wald. Eine Herde von Elchen und Rehen mit ihren Jungen ist mir direkt vor der Linse gelaufen. Es war ein sehr sch\u00f6ner Tag, morgen geht es wieder zur\u00fcck nach Fremont.<\/p>\n\n\n\n<figure class=\"wp-block-gallery columns-2 is-cropped wp-block-gallery-5 is-layout-flex wp-block-gallery-is-layout-flex\"><ul class=\"blocks-gallery-grid\"><li class=\"blocks-gallery-item\"><figure><img loading=\"lazy\" decoding=\"async\" width=\"1024\" height=\"804\" src=\"http:\/\/sascha-schuermann.com\/wp-content\/uploads\/2019\/04\/57703320_667340383698613_5149616726492577792_n-1024x804.jpg\" alt=\"\" data-id=\"572\" class=\"wp-image-572\" srcset=\"https:\/\/sascha-schuermann.com\/wp-content\/uploads\/2019\/04\/57703320_667340383698613_5149616726492577792_n.jpg 1024w, https:\/\/sascha-schuermann.com\/wp-content\/uploads\/2019\/04\/57703320_667340383698613_5149616726492577792_n-300x236.jpg 300w, https:\/\/sascha-schuermann.com\/wp-content\/uploads\/2019\/04\/57703320_667340383698613_5149616726492577792_n-768x603.jpg 768w\" sizes=\"auto, (max-width: 1024px) 100vw, 1024px\" \/><\/figure><\/li><li class=\"blocks-gallery-item\"><figure><img loading=\"lazy\" decoding=\"async\" width=\"1024\" height=\"498\" src=\"http:\/\/sascha-schuermann.com\/wp-content\/uploads\/2019\/04\/58379751_1247810912043850_1062755392146112512_n-1024x498.jpg\" alt=\"\" data-id=\"591\" data-link=\"http:\/\/sascha-schuermann.com\/?attachment_id=591\" class=\"wp-image-591\" srcset=\"https:\/\/sascha-schuermann.com\/wp-content\/uploads\/2019\/04\/58379751_1247810912043850_1062755392146112512_n-1024x498.jpg 1024w, https:\/\/sascha-schuermann.com\/wp-content\/uploads\/2019\/04\/58379751_1247810912043850_1062755392146112512_n-300x146.jpg 300w, https:\/\/sascha-schuermann.com\/wp-content\/uploads\/2019\/04\/58379751_1247810912043850_1062755392146112512_n-768x373.jpg 768w, https:\/\/sascha-schuermann.com\/wp-content\/uploads\/2019\/04\/58379751_1247810912043850_1062755392146112512_n.jpg 2016w\" sizes=\"auto, (max-width: 1024px) 100vw, 1024px\" \/><\/figure><\/li><\/ul><\/figure>\n\n\n\n<p class=\"has-text-align-center\">Wir sind  gegen 11 Uhr in Fremont angekommen nachdem ich die ganze Nacht durchgefahren bin. Wir haben Williams gegen 23:30 Uhr verlassen und nur zur Pippipause angehalten. Wir sind echt platt aber auch froh die lange Strecke hinter uns zu haben. Den restlichen Tag haben wir nur noch geschlafen.<br><\/p>\n\n\n\n<p class=\"has-text-align-center\">Nun sitzen wir wieder am Flughafen in San Francisco. Mit Kandy und seiner Tochter waren wir noch am vorabend Essen und haben die Koffer gepackt. Ich hoffe das dieses Mal der R\u00fcckflug und die Fahrt ohne Probleme l\u00e4uft. Ich hab gestern noch die Gesamtstrecke ausgerechnet. Es sind 4463 km die wir mit dem Auto hier in den USA hinter uns gebracht haben.<\/p>\n\n\n\n<p class=\"has-text-align-center\"><strong><em>Das Fazit der Reise<\/em><\/strong>:<\/p>\n\n\n\n<p class=\"has-text-align-center\">Ein paar Probleme gab es aber eine tolle Reise war es trotzdem. Ich kann es aber jedem empfehlen zu machen. Dennoch haben wir festgestellt, dass das St\u00e4dtereisen f\u00fcr uns nur was f\u00fcr ein verl\u00e4ngertes Wochenende ist. Der n\u00e4chste Trip geht definitiv wieder in die Wildnis. Danke das ihr euch die Zeit genommen habt das ganze zu lesen. Liebe Gr\u00fcsse und bis zum n\u00e4chstenmal Daniela und Sascha.<\/p>\n","protected":false},"excerpt":{"rendered":"<p>Heute ist der 3.9.2018 wir sind um 16 Uhr am Flughafen Hamburg angekommen. Die Anreise und die Nacht vorher war bis jetzt gelinde gesagt Scheisse. Wir reisen dieses Jahr zu 4. Mein bester Kumpel seine Freundin und wir zwei. 3 km vor dem Hotel hat sich ein dickes Metallteil in den hinteren Reifen gebohrt. Dann [&hellip;]<\/p>\n","protected":false},"author":1,"featured_media":0,"parent":0,"menu_order":0,"comment_status":"closed","ping_status":"closed","template":"","meta":{"footnotes":""},"class_list":["post-509","page","type-page","status-publish","hentry"],"_links":{"self":[{"href":"https:\/\/sascha-schuermann.com\/index.php?rest_route=\/wp\/v2\/pages\/509","targetHints":{"allow":["GET"]}}],"collection":[{"href":"https:\/\/sascha-schuermann.com\/index.php?rest_route=\/wp\/v2\/pages"}],"about":[{"href":"https:\/\/sascha-schuermann.com\/index.php?rest_route=\/wp\/v2\/types\/page"}],"author":[{"embeddable":true,"href":"https:\/\/sascha-schuermann.com\/index.php?rest_route=\/wp\/v2\/users\/1"}],"replies":[{"embeddable":true,"href":"https:\/\/sascha-schuermann.com\/index.php?rest_route=%2Fwp%2Fv2%2Fcomments&post=509"}],"version-history":[{"count":38,"href":"https:\/\/sascha-schuermann.com\/index.php?rest_route=\/wp\/v2\/pages\/509\/revisions"}],"predecessor-version":[{"id":696,"href":"https:\/\/sascha-schuermann.com\/index.php?rest_route=\/wp\/v2\/pages\/509\/revisions\/696"}],"wp:attachment":[{"href":"https:\/\/sascha-schuermann.com\/index.php?rest_route=%2Fwp%2Fv2%2Fmedia&parent=509"}],"curies":[{"name":"wp","href":"https:\/\/api.w.org\/{rel}","templated":true}]}}